{"id":55,"date":"2025-02-14T13:53:42","date_gmt":"2025-02-14T11:53:42","guid":{"rendered":"https:\/\/porvoonorkesteriyhdistys.fi\/?page_id=55"},"modified":"2025-12-04T14:52:29","modified_gmt":"2025-12-04T12:52:29","slug":"om-orkestern","status":"publish","type":"page","link":"https:\/\/porvoonorkesteriyhdistys.fi\/?page_id=55","title":{"rendered":"Om orkestern"},"content":{"rendered":"\n<p><strong>90-\u00e5rig orkester i Borg\u00e5<\/strong>. Tv\u00e5spr\u00e5kiga Borg\u00e5 orkesterf\u00f6rening vill fr\u00e4mja musiklivet och musik som hobby i Borg\u00e5, samt m\u00f6jligg\u00f6ra orkestermusicerande f\u00f6r olika \u00e5ldrar.<\/p>\n\n\n\n<p><strong>Repertoaren<\/strong> best\u00e5r av l\u00e4tt klassisk musik, underh\u00e5llningsmusik samt traditionell musik fr\u00e5n Borg\u00e5. Orkester\u00e5ret b\u00f6rjar p\u00e5 h\u00f6sten och avslutas med en traditionell v\u00e5rkonsert 1.5.<\/p>\n\n\n\n<p><strong>V\u00e4lkommen med!<\/strong> \u00a0Om du har ett eget instrument och kan grunderna i notl\u00e4sning, varmt v\u00e4lkommen med ocks\u00e5 mitt i s\u00e4songen! Vi str\u00e4var efter att \u00e5rligen anpassa repertoaren enligt orkestermusikernas f\u00f6rm\u00e5ga. Vi \u00f6var en g\u00e5ng i veckan p\u00e5 m\u00e5ndagskv\u00e4llar, som en del av Borg\u00e5 medborgarinstituts (KoMbi) verksamhet.<\/p>\n\n\n\n<p><strong>\u201dBOFPOYS\u201d \u00e4r en samling musiker ur orkestern<\/strong>, f\u00f6r tillf\u00e4llet piano, cello och violin, som under \u00e5ret upptr\u00e4der ett flertal g\u00e5nger p\u00e5 fr\u00e4mst servicehem. Till repertoaren h\u00f6r n\u00e5gra klassiska verk, filmmusik, v\u00e4lk\u00e4nd popul\u00e4rmusik och lite jazz. Musiken har varje g\u00e5ng tagits emot tacksamt. <\/p>\n\n\n\n<p><strong>Kontakta oss<\/strong> om du vill komma med eller \u00f6nskar orkestern f\u00f6r ett upptr\u00e4dande. Se <a data-type=\"page\" data-id=\"47\" href=\"https:\/\/porvoonorkesteriyhdistys.fi\/?page_id=47\">kontaktuppgifter<\/a>.<\/p>\n\n\n\n<p><em>Orkesterf\u00f6reningen tackar Borg\u00e5 stad, medborgarinstitutet KoMbi och Aktiastiftelsen f\u00f6r samarbete och underst\u00f6d.<\/em><\/p>\n\n\n\n<p><\/p>\n","protected":false},"excerpt":{"rendered":"<p>90-\u00e5rig orkester i Borg\u00e5. Tv\u00e5spr\u00e5kiga Borg\u00e5 orkesterf\u00f6rening vill fr\u00e4mja musiklivet och musik som hobby i Borg\u00e5, samt m\u00f6jligg\u00f6ra orkestermusicerande f\u00f6r olika \u00e5ldrar. Repertoaren best\u00e5r av l\u00e4tt klassisk musik, underh\u00e5llningsmusik samt traditionell musik fr\u00e5n Borg\u00e5. Orkester\u00e5ret b\u00f6rjar p\u00e5 h\u00f6sten och avslutas med en traditionell v\u00e5rkonsert 1.5. V\u00e4lkommen med! \u00a0Om du har ett eget instrument och kan [&hellip;]<\/p>\n","protected":false},"author":1,"featured_media":99,"parent":0,"menu_order":0,"comment_status":"closed","ping_status":"closed","template":"","meta":{"footnotes":""},"class_list":["post-55","page","type-page","status-publish","has-post-thumbnail","hentry"],"yoast_head":"<!-- This site is optimized with the Yoast SEO plugin v25.7 - https:\/\/yoast.com\/wordpress\/plugins\/seo\/ -->\n<title>Om orkestern - Porvoon orkesteriyhdistys \u2013 Borg\u00e5 orkesterf\u00f6rening<\/title>\n<meta name=\"description\" content=\"Borg\u00e5 orkesterf\u00f6rening \u2013 levande musik i Borg\u00e5 sedan 1935. En \u00f6ppen orkester f\u00f6r ett levande, lokalt musikliv.\" \/>\n<meta name=\"robots\" content=\"index, follow, max-snippet:-1, max-image-preview:large, max-video-preview:-1\" \/>\n<link rel=\"canonical\" href=\"https:\/\/porvoonorkesteriyhdistys.fi\/?page_id=55\" \/>\n<meta property=\"og:locale\" content=\"fi_FI\" \/>\n<meta property=\"og:type\" content=\"article\" \/>\n<meta property=\"og:title\" content=\"Om orkestern - Porvoon orkesteriyhdistys \u2013 Borg\u00e5 orkesterf\u00f6rening\" \/>\n<meta property=\"og:description\" content=\"Borg\u00e5 orkesterf\u00f6rening \u2013 levande musik i Borg\u00e5 sedan 1935. En \u00f6ppen orkester f\u00f6r ett levande, lokalt musikliv.\" \/>\n<meta property=\"og:url\" content=\"https:\/\/porvoonorkesteriyhdistys.fi\/?page_id=55\" \/>\n<meta property=\"og:site_name\" content=\"Porvoon orkesteriyhdistys \u2013 Borg\u00e5 orkesterf\u00f6rening\" \/>\n<meta property=\"article:publisher\" content=\"https:\/\/www.facebook.com\/profile.php?id=100089253881744\" \/>\n<meta property=\"article:modified_time\" content=\"2025-12-04T12:52:29+00:00\" \/>\n<meta property=\"og:image\" content=\"https:\/\/porvoonorkesteriyhdistys.fi\/wp-content\/uploads\/2025\/02\/2147781804-kopiera.jpg\" \/>\n\t<meta property=\"og:image:width\" content=\"2000\" \/>\n\t<meta property=\"og:image:height\" content=\"271\" \/>\n\t<meta property=\"og:image:type\" content=\"image\/jpeg\" \/>\n<meta name=\"twitter:card\" content=\"summary_large_image\" \/>\n<meta name=\"twitter:label1\" content=\"Arvioitu lukuaika\" \/>\n\t<meta name=\"twitter:data1\" content=\"2 minuuttia\" \/>\n<script type=\"application\/ld+json\" class=\"yoast-schema-graph\">{\"@context\":\"https:\/\/schema.org\",\"@graph\":[{\"@type\":\"WebPage\",\"@id\":\"https:\/\/porvoonorkesteriyhdistys.fi\/?page_id=55\",\"url\":\"https:\/\/porvoonorkesteriyhdistys.fi\/?page_id=55\",\"name\":\"Om orkestern - Porvoon orkesteriyhdistys \u2013 Borg\u00e5 orkesterf\u00f6rening\",\"isPartOf\":{\"@id\":\"https:\/\/porvoonorkesteriyhdistys.fi\/#website\"},\"primaryImageOfPage\":{\"@id\":\"https:\/\/porvoonorkesteriyhdistys.fi\/?page_id=55#primaryimage\"},\"image\":{\"@id\":\"https:\/\/porvoonorkesteriyhdistys.fi\/?page_id=55#primaryimage\"},\"thumbnailUrl\":\"https:\/\/porvoonorkesteriyhdistys.fi\/wp-content\/uploads\/2025\/02\/2147781804-kopiera.jpg\",\"datePublished\":\"2025-02-14T11:53:42+00:00\",\"dateModified\":\"2025-12-04T12:52:29+00:00\",\"description\":\"Borg\u00e5 orkesterf\u00f6rening \u2013 levande musik i Borg\u00e5 sedan 1935. En \u00f6ppen orkester f\u00f6r ett levande, lokalt musikliv.\",\"breadcrumb\":{\"@id\":\"https:\/\/porvoonorkesteriyhdistys.fi\/?page_id=55#breadcrumb\"},\"inLanguage\":\"fi\",\"potentialAction\":[{\"@type\":\"ReadAction\",\"target\":[\"https:\/\/porvoonorkesteriyhdistys.fi\/?page_id=55\"]}]},{\"@type\":\"ImageObject\",\"inLanguage\":\"fi\",\"@id\":\"https:\/\/porvoonorkesteriyhdistys.fi\/?page_id=55#primaryimage\",\"url\":\"https:\/\/porvoonorkesteriyhdistys.fi\/wp-content\/uploads\/2025\/02\/2147781804-kopiera.jpg\",\"contentUrl\":\"https:\/\/porvoonorkesteriyhdistys.fi\/wp-content\/uploads\/2025\/02\/2147781804-kopiera.jpg\",\"width\":2000,\"height\":271},{\"@type\":\"BreadcrumbList\",\"@id\":\"https:\/\/porvoonorkesteriyhdistys.fi\/?page_id=55#breadcrumb\",\"itemListElement\":[{\"@type\":\"ListItem\",\"position\":1,\"name\":\"Etusivu\",\"item\":\"https:\/\/porvoonorkesteriyhdistys.fi\/\"},{\"@type\":\"ListItem\",\"position\":2,\"name\":\"Om orkestern\"}]},{\"@type\":\"WebSite\",\"@id\":\"https:\/\/porvoonorkesteriyhdistys.fi\/#website\",\"url\":\"https:\/\/porvoonorkesteriyhdistys.fi\/\",\"name\":\"Porvoon orkesteriyhdistys \u2013 Borg\u00e5 orkesterf\u00f6rening\",\"description\":\"Porvoolainen orkesteri vuodesta 1935 \u2013 Orkester i Borg\u00e5 sedan 1935\",\"publisher\":{\"@id\":\"https:\/\/porvoonorkesteriyhdistys.fi\/#organization\"},\"potentialAction\":[{\"@type\":\"SearchAction\",\"target\":{\"@type\":\"EntryPoint\",\"urlTemplate\":\"https:\/\/porvoonorkesteriyhdistys.fi\/?s={search_term_string}\"},\"query-input\":{\"@type\":\"PropertyValueSpecification\",\"valueRequired\":true,\"valueName\":\"search_term_string\"}}],\"inLanguage\":\"fi\"},{\"@type\":\"Organization\",\"@id\":\"https:\/\/porvoonorkesteriyhdistys.fi\/#organization\",\"name\":\"Porvoon orkesteriyhdistys \u2013 Borg\u00e5 orkesterf\u00f6rening\",\"url\":\"https:\/\/porvoonorkesteriyhdistys.fi\/\",\"logo\":{\"@type\":\"ImageObject\",\"inLanguage\":\"fi\",\"@id\":\"https:\/\/porvoonorkesteriyhdistys.fi\/#\/schema\/logo\/image\/\",\"url\":\"https:\/\/porvoonorkesteriyhdistys.fi\/wp-content\/uploads\/2025\/02\/BOF-POY-logo-musta.png\",\"contentUrl\":\"https:\/\/porvoonorkesteriyhdistys.fi\/wp-content\/uploads\/2025\/02\/BOF-POY-logo-musta.png\",\"width\":2155,\"height\":474,\"caption\":\"Porvoon orkesteriyhdistys \u2013 Borg\u00e5 orkesterf\u00f6rening\"},\"image\":{\"@id\":\"https:\/\/porvoonorkesteriyhdistys.fi\/#\/schema\/logo\/image\/\"},\"sameAs\":[\"https:\/\/www.facebook.com\/profile.php?id=100089253881744\"]}]}<\/script>\n<!-- \/ Yoast SEO plugin. -->","yoast_head_json":{"title":"Om orkestern - Porvoon orkesteriyhdistys \u2013 Borg\u00e5 orkesterf\u00f6rening","description":"Borg\u00e5 orkesterf\u00f6rening \u2013 levande musik i Borg\u00e5 sedan 1935. En \u00f6ppen orkester f\u00f6r ett levande, lokalt musikliv.","robots":{"index":"index","follow":"follow","max-snippet":"max-snippet:-1","max-image-preview":"max-image-preview:large","max-video-preview":"max-video-preview:-1"},"canonical":"https:\/\/porvoonorkesteriyhdistys.fi\/?page_id=55","og_locale":"fi_FI","og_type":"article","og_title":"Om orkestern - Porvoon orkesteriyhdistys \u2013 Borg\u00e5 orkesterf\u00f6rening","og_description":"Borg\u00e5 orkesterf\u00f6rening \u2013 levande musik i Borg\u00e5 sedan 1935. En \u00f6ppen orkester f\u00f6r ett levande, lokalt musikliv.","og_url":"https:\/\/porvoonorkesteriyhdistys.fi\/?page_id=55","og_site_name":"Porvoon orkesteriyhdistys \u2013 Borg\u00e5 orkesterf\u00f6rening","article_publisher":"https:\/\/www.facebook.com\/profile.php?id=100089253881744","article_modified_time":"2025-12-04T12:52:29+00:00","og_image":[{"width":2000,"height":271,"url":"https:\/\/porvoonorkesteriyhdistys.fi\/wp-content\/uploads\/2025\/02\/2147781804-kopiera.jpg","type":"image\/jpeg"}],"twitter_card":"summary_large_image","twitter_misc":{"Arvioitu lukuaika":"2 minuuttia"},"schema":{"@context":"https:\/\/schema.org","@graph":[{"@type":"WebPage","@id":"https:\/\/porvoonorkesteriyhdistys.fi\/?page_id=55","url":"https:\/\/porvoonorkesteriyhdistys.fi\/?page_id=55","name":"Om orkestern - Porvoon orkesteriyhdistys \u2013 Borg\u00e5 orkesterf\u00f6rening","isPartOf":{"@id":"https:\/\/porvoonorkesteriyhdistys.fi\/#website"},"primaryImageOfPage":{"@id":"https:\/\/porvoonorkesteriyhdistys.fi\/?page_id=55#primaryimage"},"image":{"@id":"https:\/\/porvoonorkesteriyhdistys.fi\/?page_id=55#primaryimage"},"thumbnailUrl":"https:\/\/porvoonorkesteriyhdistys.fi\/wp-content\/uploads\/2025\/02\/2147781804-kopiera.jpg","datePublished":"2025-02-14T11:53:42+00:00","dateModified":"2025-12-04T12:52:29+00:00","description":"Borg\u00e5 orkesterf\u00f6rening \u2013 levande musik i Borg\u00e5 sedan 1935. En \u00f6ppen orkester f\u00f6r ett levande, lokalt musikliv.","breadcrumb":{"@id":"https:\/\/porvoonorkesteriyhdistys.fi\/?page_id=55#breadcrumb"},"inLanguage":"fi","potentialAction":[{"@type":"ReadAction","target":["https:\/\/porvoonorkesteriyhdistys.fi\/?page_id=55"]}]},{"@type":"ImageObject","inLanguage":"fi","@id":"https:\/\/porvoonorkesteriyhdistys.fi\/?page_id=55#primaryimage","url":"https:\/\/porvoonorkesteriyhdistys.fi\/wp-content\/uploads\/2025\/02\/2147781804-kopiera.jpg","contentUrl":"https:\/\/porvoonorkesteriyhdistys.fi\/wp-content\/uploads\/2025\/02\/2147781804-kopiera.jpg","width":2000,"height":271},{"@type":"BreadcrumbList","@id":"https:\/\/porvoonorkesteriyhdistys.fi\/?page_id=55#breadcrumb","itemListElement":[{"@type":"ListItem","position":1,"name":"Etusivu","item":"https:\/\/porvoonorkesteriyhdistys.fi\/"},{"@type":"ListItem","position":2,"name":"Om orkestern"}]},{"@type":"WebSite","@id":"https:\/\/porvoonorkesteriyhdistys.fi\/#website","url":"https:\/\/porvoonorkesteriyhdistys.fi\/","name":"Porvoon orkesteriyhdistys \u2013 Borg\u00e5 orkesterf\u00f6rening","description":"Porvoolainen orkesteri vuodesta 1935 \u2013 Orkester i Borg\u00e5 sedan 1935","publisher":{"@id":"https:\/\/porvoonorkesteriyhdistys.fi\/#organization"},"potentialAction":[{"@type":"SearchAction","target":{"@type":"EntryPoint","urlTemplate":"https:\/\/porvoonorkesteriyhdistys.fi\/?s={search_term_string}"},"query-input":{"@type":"PropertyValueSpecification","valueRequired":true,"valueName":"search_term_string"}}],"inLanguage":"fi"},{"@type":"Organization","@id":"https:\/\/porvoonorkesteriyhdistys.fi\/#organization","name":"Porvoon orkesteriyhdistys \u2013 Borg\u00e5 orkesterf\u00f6rening","url":"https:\/\/porvoonorkesteriyhdistys.fi\/","logo":{"@type":"ImageObject","inLanguage":"fi","@id":"https:\/\/porvoonorkesteriyhdistys.fi\/#\/schema\/logo\/image\/","url":"https:\/\/porvoonorkesteriyhdistys.fi\/wp-content\/uploads\/2025\/02\/BOF-POY-logo-musta.png","contentUrl":"https:\/\/porvoonorkesteriyhdistys.fi\/wp-content\/uploads\/2025\/02\/BOF-POY-logo-musta.png","width":2155,"height":474,"caption":"Porvoon orkesteriyhdistys \u2013 Borg\u00e5 orkesterf\u00f6rening"},"image":{"@id":"https:\/\/porvoonorkesteriyhdistys.fi\/#\/schema\/logo\/image\/"},"sameAs":["https:\/\/www.facebook.com\/profile.php?id=100089253881744"]}]}},"_links":{"self":[{"href":"https:\/\/porvoonorkesteriyhdistys.fi\/index.php?rest_route=\/wp\/v2\/pages\/55","targetHints":{"allow":["GET"]}}],"collection":[{"href":"https:\/\/porvoonorkesteriyhdistys.fi\/index.php?rest_route=\/wp\/v2\/pages"}],"about":[{"href":"https:\/\/porvoonorkesteriyhdistys.fi\/index.php?rest_route=\/wp\/v2\/types\/page"}],"author":[{"embeddable":true,"href":"https:\/\/porvoonorkesteriyhdistys.fi\/index.php?rest_route=\/wp\/v2\/users\/1"}],"replies":[{"embeddable":true,"href":"https:\/\/porvoonorkesteriyhdistys.fi\/index.php?rest_route=%2Fwp%2Fv2%2Fcomments&post=55"}],"version-history":[{"count":20,"href":"https:\/\/porvoonorkesteriyhdistys.fi\/index.php?rest_route=\/wp\/v2\/pages\/55\/revisions"}],"predecessor-version":[{"id":234,"href":"https:\/\/porvoonorkesteriyhdistys.fi\/index.php?rest_route=\/wp\/v2\/pages\/55\/revisions\/234"}],"wp:featuredmedia":[{"embeddable":true,"href":"https:\/\/porvoonorkesteriyhdistys.fi\/index.php?rest_route=\/wp\/v2\/media\/99"}],"wp:attachment":[{"href":"https:\/\/porvoonorkesteriyhdistys.fi\/index.php?rest_route=%2Fwp%2Fv2%2Fmedia&parent=55"}],"curies":[{"name":"wp","href":"https:\/\/api.w.org\/{rel}","templated":true}]}}