{"id":20,"date":"2025-02-11T15:40:26","date_gmt":"2025-02-11T13:40:26","guid":{"rendered":"https:\/\/porvoonorkesteriyhdistys.fi\/?page_id=20"},"modified":"2025-12-04T14:51:23","modified_gmt":"2025-12-04T12:51:23","slug":"orkesterista","status":"publish","type":"page","link":"https:\/\/porvoonorkesteriyhdistys.fi\/","title":{"rendered":"Orkesterista"},"content":{"rendered":"\n<p><strong>90-vuotias orkesteri Porvoossa<\/strong>. Kaksikielinen Porvoon orkesteriyhdistys pyrkii edist\u00e4m\u00e4\u00e4n musiikkiel\u00e4m\u00e4\u00e4 ja musiikin harrastamista Porvoossa, mahdollistaen orkesterisoiton eri ik\u00e4ryhmille.<\/p>\n\n\n\n<p><strong>Ohjelmisto<\/strong> sis\u00e4lt\u00e4\u00e4 kevytt\u00e4 klassista musiikkia, viihdemusiikkia sek\u00e4 porvoolaista perinnemusiikkia. Orkesterivuosi alkaa syksyll\u00e4 ja p\u00e4\u00e4ttyy perinteiseen kev\u00e4tkonserttiin 1.5.<\/p>\n\n\n\n<p><strong>Tervetuloa soittamaan!<\/strong> Jos sinulla on oma soitin ja osaat nuotinluvun perusteet, l\u00e4mpim\u00e4sti tervetuloa mukaan my\u00f6s kesken kauden! Orkesterin ohjelmisto pyrit\u00e4\u00e4n vuosittain sovittamaan soittajien kykyjen mukaisesti. Harjoittelemme kerran viikossa maanantai-iltaisin osana Porvoon kansalaisopiston (KoMbi) toimintaa.<\/p>\n\n\n\n<p><strong>Orkesterin pienempi kokoonpano \u201dBOFPOYS\u201d<\/strong>, johon t\u00e4ll\u00e4 hetkell\u00e4 kuuluu viulu, sello ja piano, esiintyy useasti vuoden aikana erityisesti palvelutaloissa. Ohjelmistoon kuuluu muutama klassinen kappale, elokuvamusiikkia, ikivihreit\u00e4 ja jazzahtavaa. <\/p>\n\n\n\n<p><strong>Ota meihin yhteytt\u00e4,<\/strong> jos haluat tulla soittajaksi tai toivot orkesterin esiintym\u00e4\u00e4n. Katso <a data-type=\"page\" data-id=\"47\" href=\"https:\/\/porvoonorkesteriyhdistys.fi\/?page_id=47\">yhteystiedot<\/a>.<\/p>\n\n\n\n<p><em>Orkesteriyhdistys kiitt\u00e4\u00e4 Porvoon kaupunkia, kansalaisopistoa (KoMbi) ja Aktias\u00e4\u00e4ti\u00f6t\u00e4 yhteisty\u00f6st\u00e4 ja tuesta.<\/em><\/p>\n","protected":false},"excerpt":{"rendered":"<p>90-vuotias orkesteri Porvoossa. Kaksikielinen Porvoon orkesteriyhdistys pyrkii edist\u00e4m\u00e4\u00e4n musiikkiel\u00e4m\u00e4\u00e4 ja musiikin harrastamista Porvoossa, mahdollistaen orkesterisoiton eri ik\u00e4ryhmille. Ohjelmisto sis\u00e4lt\u00e4\u00e4 kevytt\u00e4 klassista musiikkia, viihdemusiikkia sek\u00e4 porvoolaista perinnemusiikkia. Orkesterivuosi alkaa syksyll\u00e4 ja p\u00e4\u00e4ttyy perinteiseen kev\u00e4tkonserttiin 1.5. Tervetuloa soittamaan! Jos sinulla on oma soitin ja osaat nuotinluvun perusteet, l\u00e4mpim\u00e4sti tervetuloa mukaan my\u00f6s kesken kauden! Orkesterin ohjelmisto pyrit\u00e4\u00e4n vuosittain [&hellip;]<\/p>\n","protected":false},"author":1,"featured_media":99,"parent":0,"menu_order":0,"comment_status":"closed","ping_status":"closed","template":"","meta":{"footnotes":""},"class_list":["post-20","page","type-page","status-publish","has-post-thumbnail","hentry"],"yoast_head":"<!-- This site is optimized with the Yoast SEO plugin v25.7 - https:\/\/yoast.com\/wordpress\/plugins\/seo\/ -->\n<title>Orkesterista - Porvoon orkesteriyhdistys \u2013 Borg\u00e5 orkesterf\u00f6rening<\/title>\n<meta name=\"description\" content=\"Porvoolaisen el\u00e4v\u00e4n musiikin ja musiikkiharrastuksen puolesta vuodesta 1935.\" \/>\n<meta name=\"robots\" content=\"index, follow, max-snippet:-1, max-image-preview:large, max-video-preview:-1\" \/>\n<link rel=\"canonical\" href=\"https:\/\/porvoonorkesteriyhdistys.fi\/\" \/>\n<meta property=\"og:locale\" content=\"fi_FI\" \/>\n<meta property=\"og:type\" content=\"article\" \/>\n<meta property=\"og:title\" content=\"Orkesterista - Porvoon orkesteriyhdistys \u2013 Borg\u00e5 orkesterf\u00f6rening\" \/>\n<meta property=\"og:description\" content=\"Porvoolaisen el\u00e4v\u00e4n musiikin ja musiikkiharrastuksen puolesta vuodesta 1935.\" \/>\n<meta property=\"og:url\" content=\"https:\/\/porvoonorkesteriyhdistys.fi\/\" \/>\n<meta property=\"og:site_name\" content=\"Porvoon orkesteriyhdistys \u2013 Borg\u00e5 orkesterf\u00f6rening\" \/>\n<meta property=\"article:publisher\" content=\"https:\/\/www.facebook.com\/profile.php?id=100089253881744\" \/>\n<meta property=\"article:modified_time\" content=\"2025-12-04T12:51:23+00:00\" \/>\n<meta property=\"og:image\" content=\"https:\/\/porvoonorkesteriyhdistys.fi\/wp-content\/uploads\/2025\/02\/2147781804-kopiera.jpg\" \/>\n\t<meta property=\"og:image:width\" content=\"2000\" \/>\n\t<meta property=\"og:image:height\" content=\"271\" \/>\n\t<meta property=\"og:image:type\" content=\"image\/jpeg\" \/>\n<meta name=\"twitter:card\" content=\"summary_large_image\" \/>\n<meta name=\"twitter:label1\" content=\"Arvioitu lukuaika\" \/>\n\t<meta name=\"twitter:data1\" content=\"1 minuutti\" \/>\n<script type=\"application\/ld+json\" class=\"yoast-schema-graph\">{\"@context\":\"https:\/\/schema.org\",\"@graph\":[{\"@type\":\"WebPage\",\"@id\":\"https:\/\/porvoonorkesteriyhdistys.fi\/\",\"url\":\"https:\/\/porvoonorkesteriyhdistys.fi\/\",\"name\":\"Orkesterista - Porvoon orkesteriyhdistys \u2013 Borg\u00e5 orkesterf\u00f6rening\",\"isPartOf\":{\"@id\":\"https:\/\/porvoonorkesteriyhdistys.fi\/#website\"},\"primaryImageOfPage\":{\"@id\":\"https:\/\/porvoonorkesteriyhdistys.fi\/#primaryimage\"},\"image\":{\"@id\":\"https:\/\/porvoonorkesteriyhdistys.fi\/#primaryimage\"},\"thumbnailUrl\":\"https:\/\/porvoonorkesteriyhdistys.fi\/wp-content\/uploads\/2025\/02\/2147781804-kopiera.jpg\",\"datePublished\":\"2025-02-11T13:40:26+00:00\",\"dateModified\":\"2025-12-04T12:51:23+00:00\",\"description\":\"Porvoolaisen el\u00e4v\u00e4n musiikin ja musiikkiharrastuksen puolesta vuodesta 1935.\",\"breadcrumb\":{\"@id\":\"https:\/\/porvoonorkesteriyhdistys.fi\/#breadcrumb\"},\"inLanguage\":\"fi\",\"potentialAction\":[{\"@type\":\"ReadAction\",\"target\":[\"https:\/\/porvoonorkesteriyhdistys.fi\/\"]}]},{\"@type\":\"ImageObject\",\"inLanguage\":\"fi\",\"@id\":\"https:\/\/porvoonorkesteriyhdistys.fi\/#primaryimage\",\"url\":\"https:\/\/porvoonorkesteriyhdistys.fi\/wp-content\/uploads\/2025\/02\/2147781804-kopiera.jpg\",\"contentUrl\":\"https:\/\/porvoonorkesteriyhdistys.fi\/wp-content\/uploads\/2025\/02\/2147781804-kopiera.jpg\",\"width\":2000,\"height\":271},{\"@type\":\"BreadcrumbList\",\"@id\":\"https:\/\/porvoonorkesteriyhdistys.fi\/#breadcrumb\",\"itemListElement\":[{\"@type\":\"ListItem\",\"position\":1,\"name\":\"Etusivu\",\"item\":\"https:\/\/porvoonorkesteriyhdistys.fi\/\"},{\"@type\":\"ListItem\",\"position\":2,\"name\":\"Orkesterista\"}]},{\"@type\":\"WebSite\",\"@id\":\"https:\/\/porvoonorkesteriyhdistys.fi\/#website\",\"url\":\"https:\/\/porvoonorkesteriyhdistys.fi\/\",\"name\":\"Porvoon orkesteriyhdistys \u2013 Borg\u00e5 orkesterf\u00f6rening\",\"description\":\"Porvoolainen orkesteri vuodesta 1935 \u2013 Orkester i Borg\u00e5 sedan 1935\",\"publisher\":{\"@id\":\"https:\/\/porvoonorkesteriyhdistys.fi\/#organization\"},\"potentialAction\":[{\"@type\":\"SearchAction\",\"target\":{\"@type\":\"EntryPoint\",\"urlTemplate\":\"https:\/\/porvoonorkesteriyhdistys.fi\/?s={search_term_string}\"},\"query-input\":{\"@type\":\"PropertyValueSpecification\",\"valueRequired\":true,\"valueName\":\"search_term_string\"}}],\"inLanguage\":\"fi\"},{\"@type\":\"Organization\",\"@id\":\"https:\/\/porvoonorkesteriyhdistys.fi\/#organization\",\"name\":\"Porvoon orkesteriyhdistys \u2013 Borg\u00e5 orkesterf\u00f6rening\",\"url\":\"https:\/\/porvoonorkesteriyhdistys.fi\/\",\"logo\":{\"@type\":\"ImageObject\",\"inLanguage\":\"fi\",\"@id\":\"https:\/\/porvoonorkesteriyhdistys.fi\/#\/schema\/logo\/image\/\",\"url\":\"https:\/\/porvoonorkesteriyhdistys.fi\/wp-content\/uploads\/2025\/02\/BOF-POY-logo-musta.png\",\"contentUrl\":\"https:\/\/porvoonorkesteriyhdistys.fi\/wp-content\/uploads\/2025\/02\/BOF-POY-logo-musta.png\",\"width\":2155,\"height\":474,\"caption\":\"Porvoon orkesteriyhdistys \u2013 Borg\u00e5 orkesterf\u00f6rening\"},\"image\":{\"@id\":\"https:\/\/porvoonorkesteriyhdistys.fi\/#\/schema\/logo\/image\/\"},\"sameAs\":[\"https:\/\/www.facebook.com\/profile.php?id=100089253881744\"]}]}<\/script>\n<!-- \/ Yoast SEO plugin. -->","yoast_head_json":{"title":"Orkesterista - Porvoon orkesteriyhdistys \u2013 Borg\u00e5 orkesterf\u00f6rening","description":"Porvoolaisen el\u00e4v\u00e4n musiikin ja musiikkiharrastuksen puolesta vuodesta 1935.","robots":{"index":"index","follow":"follow","max-snippet":"max-snippet:-1","max-image-preview":"max-image-preview:large","max-video-preview":"max-video-preview:-1"},"canonical":"https:\/\/porvoonorkesteriyhdistys.fi\/","og_locale":"fi_FI","og_type":"article","og_title":"Orkesterista - Porvoon orkesteriyhdistys \u2013 Borg\u00e5 orkesterf\u00f6rening","og_description":"Porvoolaisen el\u00e4v\u00e4n musiikin ja musiikkiharrastuksen puolesta vuodesta 1935.","og_url":"https:\/\/porvoonorkesteriyhdistys.fi\/","og_site_name":"Porvoon orkesteriyhdistys \u2013 Borg\u00e5 orkesterf\u00f6rening","article_publisher":"https:\/\/www.facebook.com\/profile.php?id=100089253881744","article_modified_time":"2025-12-04T12:51:23+00:00","og_image":[{"width":2000,"height":271,"url":"https:\/\/porvoonorkesteriyhdistys.fi\/wp-content\/uploads\/2025\/02\/2147781804-kopiera.jpg","type":"image\/jpeg"}],"twitter_card":"summary_large_image","twitter_misc":{"Arvioitu lukuaika":"1 minuutti"},"schema":{"@context":"https:\/\/schema.org","@graph":[{"@type":"WebPage","@id":"https:\/\/porvoonorkesteriyhdistys.fi\/","url":"https:\/\/porvoonorkesteriyhdistys.fi\/","name":"Orkesterista - Porvoon orkesteriyhdistys \u2013 Borg\u00e5 orkesterf\u00f6rening","isPartOf":{"@id":"https:\/\/porvoonorkesteriyhdistys.fi\/#website"},"primaryImageOfPage":{"@id":"https:\/\/porvoonorkesteriyhdistys.fi\/#primaryimage"},"image":{"@id":"https:\/\/porvoonorkesteriyhdistys.fi\/#primaryimage"},"thumbnailUrl":"https:\/\/porvoonorkesteriyhdistys.fi\/wp-content\/uploads\/2025\/02\/2147781804-kopiera.jpg","datePublished":"2025-02-11T13:40:26+00:00","dateModified":"2025-12-04T12:51:23+00:00","description":"Porvoolaisen el\u00e4v\u00e4n musiikin ja musiikkiharrastuksen puolesta vuodesta 1935.","breadcrumb":{"@id":"https:\/\/porvoonorkesteriyhdistys.fi\/#breadcrumb"},"inLanguage":"fi","potentialAction":[{"@type":"ReadAction","target":["https:\/\/porvoonorkesteriyhdistys.fi\/"]}]},{"@type":"ImageObject","inLanguage":"fi","@id":"https:\/\/porvoonorkesteriyhdistys.fi\/#primaryimage","url":"https:\/\/porvoonorkesteriyhdistys.fi\/wp-content\/uploads\/2025\/02\/2147781804-kopiera.jpg","contentUrl":"https:\/\/porvoonorkesteriyhdistys.fi\/wp-content\/uploads\/2025\/02\/2147781804-kopiera.jpg","width":2000,"height":271},{"@type":"BreadcrumbList","@id":"https:\/\/porvoonorkesteriyhdistys.fi\/#breadcrumb","itemListElement":[{"@type":"ListItem","position":1,"name":"Etusivu","item":"https:\/\/porvoonorkesteriyhdistys.fi\/"},{"@type":"ListItem","position":2,"name":"Orkesterista"}]},{"@type":"WebSite","@id":"https:\/\/porvoonorkesteriyhdistys.fi\/#website","url":"https:\/\/porvoonorkesteriyhdistys.fi\/","name":"Porvoon orkesteriyhdistys \u2013 Borg\u00e5 orkesterf\u00f6rening","description":"Porvoolainen orkesteri vuodesta 1935 \u2013 Orkester i Borg\u00e5 sedan 1935","publisher":{"@id":"https:\/\/porvoonorkesteriyhdistys.fi\/#organization"},"potentialAction":[{"@type":"SearchAction","target":{"@type":"EntryPoint","urlTemplate":"https:\/\/porvoonorkesteriyhdistys.fi\/?s={search_term_string}"},"query-input":{"@type":"PropertyValueSpecification","valueRequired":true,"valueName":"search_term_string"}}],"inLanguage":"fi"},{"@type":"Organization","@id":"https:\/\/porvoonorkesteriyhdistys.fi\/#organization","name":"Porvoon orkesteriyhdistys \u2013 Borg\u00e5 orkesterf\u00f6rening","url":"https:\/\/porvoonorkesteriyhdistys.fi\/","logo":{"@type":"ImageObject","inLanguage":"fi","@id":"https:\/\/porvoonorkesteriyhdistys.fi\/#\/schema\/logo\/image\/","url":"https:\/\/porvoonorkesteriyhdistys.fi\/wp-content\/uploads\/2025\/02\/BOF-POY-logo-musta.png","contentUrl":"https:\/\/porvoonorkesteriyhdistys.fi\/wp-content\/uploads\/2025\/02\/BOF-POY-logo-musta.png","width":2155,"height":474,"caption":"Porvoon orkesteriyhdistys \u2013 Borg\u00e5 orkesterf\u00f6rening"},"image":{"@id":"https:\/\/porvoonorkesteriyhdistys.fi\/#\/schema\/logo\/image\/"},"sameAs":["https:\/\/www.facebook.com\/profile.php?id=100089253881744"]}]}},"_links":{"self":[{"href":"https:\/\/porvoonorkesteriyhdistys.fi\/index.php?rest_route=\/wp\/v2\/pages\/20","targetHints":{"allow":["GET"]}}],"collection":[{"href":"https:\/\/porvoonorkesteriyhdistys.fi\/index.php?rest_route=\/wp\/v2\/pages"}],"about":[{"href":"https:\/\/porvoonorkesteriyhdistys.fi\/index.php?rest_route=\/wp\/v2\/types\/page"}],"author":[{"embeddable":true,"href":"https:\/\/porvoonorkesteriyhdistys.fi\/index.php?rest_route=\/wp\/v2\/users\/1"}],"replies":[{"embeddable":true,"href":"https:\/\/porvoonorkesteriyhdistys.fi\/index.php?rest_route=%2Fwp%2Fv2%2Fcomments&post=20"}],"version-history":[{"count":28,"href":"https:\/\/porvoonorkesteriyhdistys.fi\/index.php?rest_route=\/wp\/v2\/pages\/20\/revisions"}],"predecessor-version":[{"id":233,"href":"https:\/\/porvoonorkesteriyhdistys.fi\/index.php?rest_route=\/wp\/v2\/pages\/20\/revisions\/233"}],"wp:featuredmedia":[{"embeddable":true,"href":"https:\/\/porvoonorkesteriyhdistys.fi\/index.php?rest_route=\/wp\/v2\/media\/99"}],"wp:attachment":[{"href":"https:\/\/porvoonorkesteriyhdistys.fi\/index.php?rest_route=%2Fwp%2Fv2%2Fmedia&parent=20"}],"curies":[{"name":"wp","href":"https:\/\/api.w.org\/{rel}","templated":true}]}}