{"id":126,"date":"2025-03-31T15:38:46","date_gmt":"2025-03-31T12:38:46","guid":{"rendered":"https:\/\/porvoonorkesteriyhdistys.fi\/?page_id=126"},"modified":"2026-04-15T15:42:48","modified_gmt":"2026-04-15T12:42:48","slug":"ajankohtaista-aktuellt","status":"publish","type":"page","link":"https:\/\/porvoonorkesteriyhdistys.fi\/?page_id=126","title":{"rendered":"Ajankohtaista &#8211; Aktuellt"},"content":{"rendered":"\n<hr class=\"wp-block-separator has-alpha-channel-opacity\"\/>\n\n\n\n<h2 class=\"wp-block-heading\">Vappukonsertti &#8211; F\u00f6rsta maj konsert<\/h2>\n\n\n\n<figure class=\"wp-block-gallery has-nested-images columns-default is-cropped wp-block-gallery-1 is-layout-flex wp-block-gallery-is-layout-flex\">\n<figure class=\"wp-block-image size-large\"><img loading=\"lazy\" decoding=\"async\" width=\"1024\" height=\"536\" data-id=\"248\" src=\"https:\/\/porvoonorkesteriyhdistys.fi\/wp-content\/uploads\/2026\/04\/Vappukonsertti-2026-FB-banner-1920x1005-1-1024x536.jpg\" alt=\"\" class=\"wp-image-248\" srcset=\"https:\/\/porvoonorkesteriyhdistys.fi\/wp-content\/uploads\/2026\/04\/Vappukonsertti-2026-FB-banner-1920x1005-1-1024x536.jpg 1024w, https:\/\/porvoonorkesteriyhdistys.fi\/wp-content\/uploads\/2026\/04\/Vappukonsertti-2026-FB-banner-1920x1005-1-300x157.jpg 300w, https:\/\/porvoonorkesteriyhdistys.fi\/wp-content\/uploads\/2026\/04\/Vappukonsertti-2026-FB-banner-1920x1005-1-768x402.jpg 768w, https:\/\/porvoonorkesteriyhdistys.fi\/wp-content\/uploads\/2026\/04\/Vappukonsertti-2026-FB-banner-1920x1005-1-1536x804.jpg 1536w, https:\/\/porvoonorkesteriyhdistys.fi\/wp-content\/uploads\/2026\/04\/Vappukonsertti-2026-FB-banner-1920x1005-1.jpg 1920w\" sizes=\"auto, (max-width: 1024px) 100vw, 1024px\" \/><\/figure>\n<\/figure>\n\n\n\n<p><strong>Tervetuloa perinteiseen vappu\u00adkonserttiin <\/strong>juhlistamaan kev\u00e4tt\u00e4 iloisella, el\u00e4v\u00e4ll\u00e4 musiikilla! Konsertissa kuullaan uudempaa ja vanhempaa musiikkia Porvoon orkesteriyhdistyksen esitt\u00e4m\u00e4n\u00e4, kapellimestari Erik Hipin johdolla. <br><strong>1.5.2026 klo 14-15, Kulttuuritalo Grand<\/strong>, Piispankatu 28, Porvoo. Juhlasali avataan yleis\u00f6lle klo 13.30. Liput ovelta. Aikuiset 15\u2009\u20ac, lapset (0\u201315 v.) 0 \u20ac. Maksu: k\u00e4teinen ja MobilePay. Kesto noin tunti. <br><a href=\"https:\/\/fb.me\/e\/7onKprEbE\">Linkki Facebook-tapahtumaan.<\/a><br><\/p>\n\n\n\n<p><strong>V\u00e4lkommen till den traditionella f\u00f6rsta maj -konserten<\/strong> f\u00f6r att fira v\u00e5ren med gl\u00e4djefylld levande musik! P\u00e5 konserten presenteras nyare och \u00e4ldre musik framf\u00f6rd av Borg\u00e5 orkesterf\u00f6rening under ledning av dirigent Erik\u00a0Hippi.<br><strong>1.5.2026 kl. 14-15, Kulturhuset Grand<\/strong>, Biskopsgatan 28, Borg\u00e5. Festsalen \u00f6ppnas f\u00f6r publik kl. 13.30. Biljetter vid d\u00f6rren. Vuxna 15\u2009\u20ac, barn (0\u201315 \u00e5r) 0 \u20ac. Betalning: kontant och MobilePay. L\u00e4ngd ca en timme.<br><a href=\"https:\/\/fb.me\/e\/7onKprEbE\">L\u00e4nk till Facebook-evenemang<\/a>.<\/p>\n\n\n\n<hr class=\"wp-block-separator has-alpha-channel-opacity\"\/>\n\n\n\n<h2 class=\"wp-block-heading\">Uusi kapellimestari &#8211; Ny dirigent<\/h2>\n\n\n\n<p>Kauden 2025-2026 alkaessa haluamme toivottaa uuden kapellimestari <strong>Erik Hipin<\/strong> l\u00e4mpim\u00e4sti tervetuloa orkesteriin! Erikill\u00e4 on kokemusta m.m. Porvoon musiikkiopiston puhallinorkesterin johtamisesta. Samalla haluamme kiitt\u00e4\u00e4 edellist\u00e4 kapellimestaria Tomi Koposta menneest\u00e4 vuodesta, ja toivottaa h\u00e4nelle onnellisia ty\u00f6vuosia ulkomailla.<\/p>\n\n\n\n<p>S\u00e4songen 2025-2026 b\u00f6rjar och vi vill \u00f6nska nya dirigenten <strong>Erik Hippi<\/strong> varmt v\u00e4lkommen till orkestern! Erik har erfarenhet bl.a. av att leda Borg\u00e5 musikinstituts bl\u00e5sorkester. Samtidigt vill vi tacka tidigare dirigent Tomi Koponen f\u00f6r det g\u00e5ngna \u00e5ret, och \u00f6nska honom lycka till i sitt arbete utomlands. <\/p>\n\n\n\n<p>Tule orkesteriin soittamaan! Ota yhteytt\u00e4 lis\u00e4tietoja varten. \u2013 Kom med och spela i orkestern! Kontakta oss f\u00f6r mera information. <\/p>\n\n\n\n<hr class=\"wp-block-separator has-alpha-channel-opacity\"\/>\n\n\n\n<h2 class=\"wp-block-heading\">Vappukonsertti &#8211; F\u00f6rsta maj-konsert 2025<\/h2>\n\n\n\n<figure class=\"wp-block-image size-large\"><img loading=\"lazy\" decoding=\"async\" width=\"1024\" height=\"536\" src=\"https:\/\/porvoonorkesteriyhdistys.fi\/wp-content\/uploads\/2025\/04\/FB-event-banner-konsertti-2025-1024x536.jpg\" alt=\"\" class=\"wp-image-139\" srcset=\"https:\/\/porvoonorkesteriyhdistys.fi\/wp-content\/uploads\/2025\/04\/FB-event-banner-konsertti-2025-1024x536.jpg 1024w, https:\/\/porvoonorkesteriyhdistys.fi\/wp-content\/uploads\/2025\/04\/FB-event-banner-konsertti-2025-300x157.jpg 300w, https:\/\/porvoonorkesteriyhdistys.fi\/wp-content\/uploads\/2025\/04\/FB-event-banner-konsertti-2025-768x402.jpg 768w, https:\/\/porvoonorkesteriyhdistys.fi\/wp-content\/uploads\/2025\/04\/FB-event-banner-konsertti-2025-1536x804.jpg 1536w, https:\/\/porvoonorkesteriyhdistys.fi\/wp-content\/uploads\/2025\/04\/FB-event-banner-konsertti-2025.jpg 1920w\" sizes=\"auto, (max-width: 1024px) 100vw, 1024px\" \/><\/figure>\n\n\n\n<p><strong>VAPPUKONSERTTI <\/strong>j\u00e4rjestet\u00e4\u00e4n j\u00e4lleen perinteisesti Kulttuuritalo Grandissa 1.5.2025 klo 14-15. Konserttisalin ovet avataan yleis\u00f6lle klo 13.30. Ohjelmistossa Strauss, Grieg, L\u00f6nnroos, Yiruma ym. Kesto noin tunti. Liput: <strong>aikuiset 15 \u20ac, lapset (0-15 v.) 0 \u20ac<\/strong>, k\u00e4teinen tai Mobilepay ovelta. <a href=\"https:\/\/www.facebook.com\/profile.php?id=100089253881744\">Orkesterin Facebookissa l\u00f6yd\u00e4t ajankohtaista lis\u00e4tietoa<\/a>. Tervetuloa!<\/p>\n\n\n\n<p><strong>F\u00d6RSTA MAJ-KONSERTEN<\/strong> ordnas \u00e5ter enligt traditionp\u00e5 Kulturhus Grand 1.5.2025 kl 14-15. Konsertsalen \u00f6ppnas f\u00f6r publik kl. 13.30. P\u00e5 programmet st\u00e5r Strauss, Grieg, L\u00f6nnroos, Yiruma mfl. L\u00e4ngd ca en timme. Biljetter: <strong>vuxna 15 \u20ac, barn (0-15 \u00e5r) 0 \u20ac<\/strong>, kontant eller Mobilepay vid d\u00f6rren. <a href=\"https:\/\/www.facebook.com\/profile.php?id=100089253881744\">Aktuell information hittas i orkesterns Facebook<\/a>. V\u00e4lkommen!<\/p>\n\n\n\n<div class=\"wp-block-media-text is-stacked-on-mobile\" style=\"grid-template-columns:30% auto\"><figure class=\"wp-block-media-text__media\"><img loading=\"lazy\" decoding=\"async\" width=\"450\" height=\"1024\" src=\"https:\/\/porvoonorkesteriyhdistys.fi\/wp-content\/uploads\/2025\/05\/ohjelma-2025-450x1024.jpg\" alt=\"\" class=\"wp-image-186 size-full\" srcset=\"https:\/\/porvoonorkesteriyhdistys.fi\/wp-content\/uploads\/2025\/05\/ohjelma-2025-450x1024.jpg 450w, https:\/\/porvoonorkesteriyhdistys.fi\/wp-content\/uploads\/2025\/05\/ohjelma-2025-132x300.jpg 132w, https:\/\/porvoonorkesteriyhdistys.fi\/wp-content\/uploads\/2025\/05\/ohjelma-2025.jpg 520w\" sizes=\"auto, (max-width: 450px) 100vw, 450px\" \/><\/figure><div class=\"wp-block-media-text__content\">\n<p>1.5.2025<\/p>\n\n\n\n<p>Johann Strauss Jr., <strong><em>Ein Herz und ein Sinn<\/em><\/strong><br>Astor Piazzolla, <strong><em>Libertango<\/em><\/strong><br>G.\u2009W. L\u00f6nnroos, <strong><em>V\u00e5r hembygd<\/em><\/strong><br>Johann Pachelbel, <strong><em>Canon in D<\/em><\/strong><br>Erik Lindstr\u00f6m, <strong><em>Ranskalaiset korot<\/em><\/strong><br>Gerald Marks &amp; Seymour Simons, <strong><em>All of me<\/em><\/strong><br>Yiruma, <strong><em>The River Flows in You<\/em><\/strong><br>Edvard Grieg, <strong><em>Morgenstemning<\/em><\/strong><br>A. Wirzenius (sov.), <strong><em>Kotimaisia s\u00e4veli\u00e4<\/em><\/strong><br>Oscar Peterson, <strong><em>Hymn to Freedom<\/em><\/strong><\/p>\n\n\n\n<p>Kapellimestari &#8211; Dirigent: Tomi Koponen<\/p>\n<\/div><\/div>\n\n\n\n<div class=\"wp-block-columns is-layout-flex wp-container-core-columns-is-layout-28f84493 wp-block-columns-is-layout-flex\">\n<div class=\"wp-block-column is-layout-flow wp-block-column-is-layout-flow\" style=\"flex-basis:100%\">\n<figure class=\"wp-block-image size-large\"><img loading=\"lazy\" decoding=\"async\" width=\"1413\" height=\"942\" src=\"https:\/\/porvoonorkesteriyhdistys.fi\/wp-content\/uploads\/2025\/05\/IMG-20250501-WA0003_Markku-Nyman-1-edited.jpg\" alt=\"\" class=\"wp-image-198\" srcset=\"https:\/\/porvoonorkesteriyhdistys.fi\/wp-content\/uploads\/2025\/05\/IMG-20250501-WA0003_Markku-Nyman-1-edited.jpg 1413w, https:\/\/porvoonorkesteriyhdistys.fi\/wp-content\/uploads\/2025\/05\/IMG-20250501-WA0003_Markku-Nyman-1-edited-300x200.jpg 300w, https:\/\/porvoonorkesteriyhdistys.fi\/wp-content\/uploads\/2025\/05\/IMG-20250501-WA0003_Markku-Nyman-1-edited-1024x683.jpg 1024w, https:\/\/porvoonorkesteriyhdistys.fi\/wp-content\/uploads\/2025\/05\/IMG-20250501-WA0003_Markku-Nyman-1-edited-768x512.jpg 768w\" sizes=\"auto, (max-width: 1413px) 100vw, 1413px\" \/><figcaption class=\"wp-element-caption\">Kuva &#8211; Foto: Markku Nyman<\/figcaption><\/figure>\n<\/div>\n<\/div>\n\n\n\n<figure class=\"wp-block-image size-large\"><img loading=\"lazy\" decoding=\"async\" width=\"1024\" height=\"466\" src=\"https:\/\/porvoonorkesteriyhdistys.fi\/wp-content\/uploads\/2025\/05\/IMG-20250501-WA0004_Pertti-Kantojarvi-1024x466.jpg\" alt=\"\" class=\"wp-image-207\" srcset=\"https:\/\/porvoonorkesteriyhdistys.fi\/wp-content\/uploads\/2025\/05\/IMG-20250501-WA0004_Pertti-Kantojarvi-1024x466.jpg 1024w, https:\/\/porvoonorkesteriyhdistys.fi\/wp-content\/uploads\/2025\/05\/IMG-20250501-WA0004_Pertti-Kantojarvi-300x137.jpg 300w, https:\/\/porvoonorkesteriyhdistys.fi\/wp-content\/uploads\/2025\/05\/IMG-20250501-WA0004_Pertti-Kantojarvi-768x349.jpg 768w, https:\/\/porvoonorkesteriyhdistys.fi\/wp-content\/uploads\/2025\/05\/IMG-20250501-WA0004_Pertti-Kantojarvi-1536x699.jpg 1536w, https:\/\/porvoonorkesteriyhdistys.fi\/wp-content\/uploads\/2025\/05\/IMG-20250501-WA0004_Pertti-Kantojarvi.jpg 1600w\" sizes=\"auto, (max-width: 1024px) 100vw, 1024px\" \/><figcaption class=\"wp-element-caption\">Tomi Koponen, kapellimestari &#8211; dirigent. Kuva &#8211; Foto: Pertti Kantoj\u00e4rvi.<\/figcaption><\/figure>\n\n\n\n<div class=\"wp-block-media-text is-stacked-on-mobile is-vertically-aligned-bottom\" style=\"grid-template-columns:33% auto\"><figure class=\"wp-block-media-text__media\"><img loading=\"lazy\" decoding=\"async\" width=\"466\" height=\"1024\" src=\"https:\/\/porvoonorkesteriyhdistys.fi\/wp-content\/uploads\/2025\/05\/IMG-20250501-WA0009_Pertti-Kantojarvi-2-466x1024.jpg\" alt=\"\" class=\"wp-image-200 size-full\" srcset=\"https:\/\/porvoonorkesteriyhdistys.fi\/wp-content\/uploads\/2025\/05\/IMG-20250501-WA0009_Pertti-Kantojarvi-2-466x1024.jpg 466w, https:\/\/porvoonorkesteriyhdistys.fi\/wp-content\/uploads\/2025\/05\/IMG-20250501-WA0009_Pertti-Kantojarvi-2-136x300.jpg 136w, https:\/\/porvoonorkesteriyhdistys.fi\/wp-content\/uploads\/2025\/05\/IMG-20250501-WA0009_Pertti-Kantojarvi-2-698x1536.jpg 698w, https:\/\/porvoonorkesteriyhdistys.fi\/wp-content\/uploads\/2025\/05\/IMG-20250501-WA0009_Pertti-Kantojarvi-2.jpg 727w\" sizes=\"auto, (max-width: 466px) 100vw, 466px\" \/><\/figure><div class=\"wp-block-media-text__content\">\n<p>Syksyll\u00e4 2024 kunnij\u00e4seneksi kutsuttua Yrj\u00f6 L\u00e4nsirinnett\u00e4 kiitettiin konsertissa h\u00e4nen 50 vuoden monipuolisesta aktiivisuudestaan orkesteriyhdistyksess\u00e4, joista n. 20 vuotta kapellimestarina.  &#8211; Yrj\u00f6 L\u00e4nsirinne, som kallats till hedersmedlem h\u00f6sten 2024, tackades under konserten f\u00f6r hans m\u00e5ngsidiga aktivitet i orkesterf\u00f6reningen i 50 \u00e5rs tid av vilka ca 20 \u00e5r som dirigent. Kuva\/Foto: Pertti Kantoj\u00e4rvi<\/p>\n<\/div><\/div>\n","protected":false},"excerpt":{"rendered":"<p>Vappukonsertti &#8211; F\u00f6rsta maj konsert Tervetuloa perinteiseen vappu\u00adkonserttiin juhlistamaan kev\u00e4tt\u00e4 iloisella, el\u00e4v\u00e4ll\u00e4 musiikilla! Konsertissa kuullaan uudempaa ja vanhempaa musiikkia Porvoon orkesteriyhdistyksen esitt\u00e4m\u00e4n\u00e4, kapellimestari Erik Hipin johdolla. 1.5.2026 klo 14-15, Kulttuuritalo Grand, Piispankatu 28, Porvoo. Juhlasali avataan yleis\u00f6lle klo 13.30. Liput ovelta. Aikuiset 15\u2009\u20ac, lapset (0\u201315 v.) 0 \u20ac. Maksu: k\u00e4teinen ja MobilePay. Kesto noin tunti. [&hellip;]<\/p>\n","protected":false},"author":1,"featured_media":0,"parent":0,"menu_order":0,"comment_status":"closed","ping_status":"closed","template":"","meta":{"footnotes":""},"class_list":["post-126","page","type-page","status-publish","hentry"],"yoast_head":"<!-- This site is optimized with the Yoast SEO plugin v25.7 - https:\/\/yoast.com\/wordpress\/plugins\/seo\/ -->\n<title>Ajankohtaista - Aktuellt - Porvoon orkesteriyhdistys \u2013 Borg\u00e5 orkesterf\u00f6rening<\/title>\n<meta name=\"robots\" content=\"index, follow, max-snippet:-1, max-image-preview:large, max-video-preview:-1\" \/>\n<link rel=\"canonical\" href=\"https:\/\/porvoonorkesteriyhdistys.fi\/?page_id=126\" \/>\n<meta property=\"og:locale\" content=\"fi_FI\" \/>\n<meta property=\"og:type\" content=\"article\" \/>\n<meta property=\"og:title\" content=\"Ajankohtaista - Aktuellt - Porvoon orkesteriyhdistys \u2013 Borg\u00e5 orkesterf\u00f6rening\" \/>\n<meta property=\"og:description\" content=\"Vappukonsertti &#8211; F\u00f6rsta maj konsert Tervetuloa perinteiseen vappu\u00adkonserttiin juhlistamaan kev\u00e4tt\u00e4 iloisella, el\u00e4v\u00e4ll\u00e4 musiikilla! Konsertissa kuullaan uudempaa ja vanhempaa musiikkia Porvoon orkesteriyhdistyksen esitt\u00e4m\u00e4n\u00e4, kapellimestari Erik Hipin johdolla. 1.5.2026 klo 14-15, Kulttuuritalo Grand, Piispankatu 28, Porvoo. Juhlasali avataan yleis\u00f6lle klo 13.30. Liput ovelta. Aikuiset 15\u2009\u20ac, lapset (0\u201315 v.) 0 \u20ac. Maksu: k\u00e4teinen ja MobilePay. Kesto noin tunti. [&hellip;]\" \/>\n<meta property=\"og:url\" content=\"https:\/\/porvoonorkesteriyhdistys.fi\/?page_id=126\" \/>\n<meta property=\"og:site_name\" content=\"Porvoon orkesteriyhdistys \u2013 Borg\u00e5 orkesterf\u00f6rening\" \/>\n<meta property=\"article:publisher\" content=\"https:\/\/www.facebook.com\/profile.php?id=100089253881744\" \/>\n<meta property=\"article:modified_time\" content=\"2026-04-15T12:42:48+00:00\" \/>\n<meta property=\"og:image\" content=\"https:\/\/porvoonorkesteriyhdistys.fi\/wp-content\/uploads\/2026\/04\/Vappukonsertti-2026-FB-banner-1920x1005-1.jpg\" \/>\n\t<meta property=\"og:image:width\" content=\"1920\" \/>\n\t<meta property=\"og:image:height\" content=\"1005\" \/>\n\t<meta property=\"og:image:type\" content=\"image\/jpeg\" \/>\n<meta name=\"twitter:card\" content=\"summary_large_image\" \/>\n<meta name=\"twitter:label1\" content=\"Arvioitu lukuaika\" \/>\n\t<meta name=\"twitter:data1\" content=\"4 minuuttia\" \/>\n<script type=\"application\/ld+json\" class=\"yoast-schema-graph\">{\"@context\":\"https:\/\/schema.org\",\"@graph\":[{\"@type\":\"WebPage\",\"@id\":\"https:\/\/porvoonorkesteriyhdistys.fi\/?page_id=126\",\"url\":\"https:\/\/porvoonorkesteriyhdistys.fi\/?page_id=126\",\"name\":\"Ajankohtaista - Aktuellt - Porvoon orkesteriyhdistys \u2013 Borg\u00e5 orkesterf\u00f6rening\",\"isPartOf\":{\"@id\":\"https:\/\/porvoonorkesteriyhdistys.fi\/#website\"},\"primaryImageOfPage\":{\"@id\":\"https:\/\/porvoonorkesteriyhdistys.fi\/?page_id=126#primaryimage\"},\"image\":{\"@id\":\"https:\/\/porvoonorkesteriyhdistys.fi\/?page_id=126#primaryimage\"},\"thumbnailUrl\":\"https:\/\/porvoonorkesteriyhdistys.fi\/wp-content\/uploads\/2026\/04\/Vappukonsertti-2026-FB-banner-1920x1005-1-1024x536.jpg\",\"datePublished\":\"2025-03-31T12:38:46+00:00\",\"dateModified\":\"2026-04-15T12:42:48+00:00\",\"breadcrumb\":{\"@id\":\"https:\/\/porvoonorkesteriyhdistys.fi\/?page_id=126#breadcrumb\"},\"inLanguage\":\"fi\",\"potentialAction\":[{\"@type\":\"ReadAction\",\"target\":[\"https:\/\/porvoonorkesteriyhdistys.fi\/?page_id=126\"]}]},{\"@type\":\"ImageObject\",\"inLanguage\":\"fi\",\"@id\":\"https:\/\/porvoonorkesteriyhdistys.fi\/?page_id=126#primaryimage\",\"url\":\"https:\/\/porvoonorkesteriyhdistys.fi\/wp-content\/uploads\/2026\/04\/Vappukonsertti-2026-FB-banner-1920x1005-1.jpg\",\"contentUrl\":\"https:\/\/porvoonorkesteriyhdistys.fi\/wp-content\/uploads\/2026\/04\/Vappukonsertti-2026-FB-banner-1920x1005-1.jpg\",\"width\":1920,\"height\":1005},{\"@type\":\"BreadcrumbList\",\"@id\":\"https:\/\/porvoonorkesteriyhdistys.fi\/?page_id=126#breadcrumb\",\"itemListElement\":[{\"@type\":\"ListItem\",\"position\":1,\"name\":\"Etusivu\",\"item\":\"https:\/\/porvoonorkesteriyhdistys.fi\/\"},{\"@type\":\"ListItem\",\"position\":2,\"name\":\"Ajankohtaista &#8211; Aktuellt\"}]},{\"@type\":\"WebSite\",\"@id\":\"https:\/\/porvoonorkesteriyhdistys.fi\/#website\",\"url\":\"https:\/\/porvoonorkesteriyhdistys.fi\/\",\"name\":\"Porvoon orkesteriyhdistys \u2013 Borg\u00e5 orkesterf\u00f6rening\",\"description\":\"Porvoolainen orkesteri vuodesta 1935 \u2013 Orkester i Borg\u00e5 sedan 1935\",\"publisher\":{\"@id\":\"https:\/\/porvoonorkesteriyhdistys.fi\/#organization\"},\"potentialAction\":[{\"@type\":\"SearchAction\",\"target\":{\"@type\":\"EntryPoint\",\"urlTemplate\":\"https:\/\/porvoonorkesteriyhdistys.fi\/?s={search_term_string}\"},\"query-input\":{\"@type\":\"PropertyValueSpecification\",\"valueRequired\":true,\"valueName\":\"search_term_string\"}}],\"inLanguage\":\"fi\"},{\"@type\":\"Organization\",\"@id\":\"https:\/\/porvoonorkesteriyhdistys.fi\/#organization\",\"name\":\"Porvoon orkesteriyhdistys \u2013 Borg\u00e5 orkesterf\u00f6rening\",\"url\":\"https:\/\/porvoonorkesteriyhdistys.fi\/\",\"logo\":{\"@type\":\"ImageObject\",\"inLanguage\":\"fi\",\"@id\":\"https:\/\/porvoonorkesteriyhdistys.fi\/#\/schema\/logo\/image\/\",\"url\":\"https:\/\/porvoonorkesteriyhdistys.fi\/wp-content\/uploads\/2025\/02\/BOF-POY-logo-musta.png\",\"contentUrl\":\"https:\/\/porvoonorkesteriyhdistys.fi\/wp-content\/uploads\/2025\/02\/BOF-POY-logo-musta.png\",\"width\":2155,\"height\":474,\"caption\":\"Porvoon orkesteriyhdistys \u2013 Borg\u00e5 orkesterf\u00f6rening\"},\"image\":{\"@id\":\"https:\/\/porvoonorkesteriyhdistys.fi\/#\/schema\/logo\/image\/\"},\"sameAs\":[\"https:\/\/www.facebook.com\/profile.php?id=100089253881744\"]}]}<\/script>\n<!-- \/ Yoast SEO plugin. -->","yoast_head_json":{"title":"Ajankohtaista - Aktuellt - Porvoon orkesteriyhdistys \u2013 Borg\u00e5 orkesterf\u00f6rening","robots":{"index":"index","follow":"follow","max-snippet":"max-snippet:-1","max-image-preview":"max-image-preview:large","max-video-preview":"max-video-preview:-1"},"canonical":"https:\/\/porvoonorkesteriyhdistys.fi\/?page_id=126","og_locale":"fi_FI","og_type":"article","og_title":"Ajankohtaista - Aktuellt - Porvoon orkesteriyhdistys \u2013 Borg\u00e5 orkesterf\u00f6rening","og_description":"Vappukonsertti &#8211; F\u00f6rsta maj konsert Tervetuloa perinteiseen vappu\u00adkonserttiin juhlistamaan kev\u00e4tt\u00e4 iloisella, el\u00e4v\u00e4ll\u00e4 musiikilla! Konsertissa kuullaan uudempaa ja vanhempaa musiikkia Porvoon orkesteriyhdistyksen esitt\u00e4m\u00e4n\u00e4, kapellimestari Erik Hipin johdolla. 1.5.2026 klo 14-15, Kulttuuritalo Grand, Piispankatu 28, Porvoo. Juhlasali avataan yleis\u00f6lle klo 13.30. Liput ovelta. Aikuiset 15\u2009\u20ac, lapset (0\u201315 v.) 0 \u20ac. Maksu: k\u00e4teinen ja MobilePay. Kesto noin tunti. [&hellip;]","og_url":"https:\/\/porvoonorkesteriyhdistys.fi\/?page_id=126","og_site_name":"Porvoon orkesteriyhdistys \u2013 Borg\u00e5 orkesterf\u00f6rening","article_publisher":"https:\/\/www.facebook.com\/profile.php?id=100089253881744","article_modified_time":"2026-04-15T12:42:48+00:00","og_image":[{"width":1920,"height":1005,"url":"https:\/\/porvoonorkesteriyhdistys.fi\/wp-content\/uploads\/2026\/04\/Vappukonsertti-2026-FB-banner-1920x1005-1.jpg","type":"image\/jpeg"}],"twitter_card":"summary_large_image","twitter_misc":{"Arvioitu lukuaika":"4 minuuttia"},"schema":{"@context":"https:\/\/schema.org","@graph":[{"@type":"WebPage","@id":"https:\/\/porvoonorkesteriyhdistys.fi\/?page_id=126","url":"https:\/\/porvoonorkesteriyhdistys.fi\/?page_id=126","name":"Ajankohtaista - Aktuellt - Porvoon orkesteriyhdistys \u2013 Borg\u00e5 orkesterf\u00f6rening","isPartOf":{"@id":"https:\/\/porvoonorkesteriyhdistys.fi\/#website"},"primaryImageOfPage":{"@id":"https:\/\/porvoonorkesteriyhdistys.fi\/?page_id=126#primaryimage"},"image":{"@id":"https:\/\/porvoonorkesteriyhdistys.fi\/?page_id=126#primaryimage"},"thumbnailUrl":"https:\/\/porvoonorkesteriyhdistys.fi\/wp-content\/uploads\/2026\/04\/Vappukonsertti-2026-FB-banner-1920x1005-1-1024x536.jpg","datePublished":"2025-03-31T12:38:46+00:00","dateModified":"2026-04-15T12:42:48+00:00","breadcrumb":{"@id":"https:\/\/porvoonorkesteriyhdistys.fi\/?page_id=126#breadcrumb"},"inLanguage":"fi","potentialAction":[{"@type":"ReadAction","target":["https:\/\/porvoonorkesteriyhdistys.fi\/?page_id=126"]}]},{"@type":"ImageObject","inLanguage":"fi","@id":"https:\/\/porvoonorkesteriyhdistys.fi\/?page_id=126#primaryimage","url":"https:\/\/porvoonorkesteriyhdistys.fi\/wp-content\/uploads\/2026\/04\/Vappukonsertti-2026-FB-banner-1920x1005-1.jpg","contentUrl":"https:\/\/porvoonorkesteriyhdistys.fi\/wp-content\/uploads\/2026\/04\/Vappukonsertti-2026-FB-banner-1920x1005-1.jpg","width":1920,"height":1005},{"@type":"BreadcrumbList","@id":"https:\/\/porvoonorkesteriyhdistys.fi\/?page_id=126#breadcrumb","itemListElement":[{"@type":"ListItem","position":1,"name":"Etusivu","item":"https:\/\/porvoonorkesteriyhdistys.fi\/"},{"@type":"ListItem","position":2,"name":"Ajankohtaista &#8211; Aktuellt"}]},{"@type":"WebSite","@id":"https:\/\/porvoonorkesteriyhdistys.fi\/#website","url":"https:\/\/porvoonorkesteriyhdistys.fi\/","name":"Porvoon orkesteriyhdistys \u2013 Borg\u00e5 orkesterf\u00f6rening","description":"Porvoolainen orkesteri vuodesta 1935 \u2013 Orkester i Borg\u00e5 sedan 1935","publisher":{"@id":"https:\/\/porvoonorkesteriyhdistys.fi\/#organization"},"potentialAction":[{"@type":"SearchAction","target":{"@type":"EntryPoint","urlTemplate":"https:\/\/porvoonorkesteriyhdistys.fi\/?s={search_term_string}"},"query-input":{"@type":"PropertyValueSpecification","valueRequired":true,"valueName":"search_term_string"}}],"inLanguage":"fi"},{"@type":"Organization","@id":"https:\/\/porvoonorkesteriyhdistys.fi\/#organization","name":"Porvoon orkesteriyhdistys \u2013 Borg\u00e5 orkesterf\u00f6rening","url":"https:\/\/porvoonorkesteriyhdistys.fi\/","logo":{"@type":"ImageObject","inLanguage":"fi","@id":"https:\/\/porvoonorkesteriyhdistys.fi\/#\/schema\/logo\/image\/","url":"https:\/\/porvoonorkesteriyhdistys.fi\/wp-content\/uploads\/2025\/02\/BOF-POY-logo-musta.png","contentUrl":"https:\/\/porvoonorkesteriyhdistys.fi\/wp-content\/uploads\/2025\/02\/BOF-POY-logo-musta.png","width":2155,"height":474,"caption":"Porvoon orkesteriyhdistys \u2013 Borg\u00e5 orkesterf\u00f6rening"},"image":{"@id":"https:\/\/porvoonorkesteriyhdistys.fi\/#\/schema\/logo\/image\/"},"sameAs":["https:\/\/www.facebook.com\/profile.php?id=100089253881744"]}]}},"_links":{"self":[{"href":"https:\/\/porvoonorkesteriyhdistys.fi\/index.php?rest_route=\/wp\/v2\/pages\/126","targetHints":{"allow":["GET"]}}],"collection":[{"href":"https:\/\/porvoonorkesteriyhdistys.fi\/index.php?rest_route=\/wp\/v2\/pages"}],"about":[{"href":"https:\/\/porvoonorkesteriyhdistys.fi\/index.php?rest_route=\/wp\/v2\/types\/page"}],"author":[{"embeddable":true,"href":"https:\/\/porvoonorkesteriyhdistys.fi\/index.php?rest_route=\/wp\/v2\/users\/1"}],"replies":[{"embeddable":true,"href":"https:\/\/porvoonorkesteriyhdistys.fi\/index.php?rest_route=%2Fwp%2Fv2%2Fcomments&post=126"}],"version-history":[{"count":29,"href":"https:\/\/porvoonorkesteriyhdistys.fi\/index.php?rest_route=\/wp\/v2\/pages\/126\/revisions"}],"predecessor-version":[{"id":253,"href":"https:\/\/porvoonorkesteriyhdistys.fi\/index.php?rest_route=\/wp\/v2\/pages\/126\/revisions\/253"}],"wp:attachment":[{"href":"https:\/\/porvoonorkesteriyhdistys.fi\/index.php?rest_route=%2Fwp%2Fv2%2Fmedia&parent=126"}],"curies":[{"name":"wp","href":"https:\/\/api.w.org\/{rel}","templated":true}]}}